{"id":19,"date":"2024-04-07T09:26:15","date_gmt":"2024-04-07T09:26:15","guid":{"rendered":"http:\/\/127.0.0.1\/tdnog\/?page_id=19"},"modified":"2025-06-05T16:44:40","modified_gmt":"2025-06-05T16:44:40","slug":"publications","status":"publish","type":"page","link":"https:\/\/www.tdnog.org\/?page_id=19","title":{"rendered":"Ressources"},"content":{"rendered":"\t\t<div data-elementor-type=\"wp-page\" data-elementor-id=\"19\" class=\"elementor elementor-19\">\n\t\t\t\t\t\t<section class=\"elementor-section elementor-top-section elementor-element elementor-element-fb494f5 elementor-section-boxed elementor-section-height-default elementor-section-height-default\" data-id=\"fb494f5\" data-element_type=\"section\">\n\t\t\t\t\t\t<div class=\"elementor-container elementor-column-gap-default\">\n\t\t\t\t\t<div class=\"elementor-column elementor-col-100 elementor-top-column elementor-element elementor-element-4d6a2d1\" data-id=\"4d6a2d1\" data-element_type=\"column\">\n\t\t\t<div class=\"elementor-widget-wrap elementor-element-populated\">\n\t\t\t\t\t\t\t<\/div>\n\t\t<\/div>\n\t\t\t\t\t<\/div>\n\t\t<\/section>\n\t\t\t\t<section class=\"elementor-section elementor-top-section elementor-element elementor-element-ccbeae8 elementor-section-boxed elementor-section-height-default elementor-section-height-default\" data-id=\"ccbeae8\" data-element_type=\"section\">\n\t\t\t\t\t\t<div class=\"elementor-container elementor-column-gap-default\">\n\t\t\t\t\t<div class=\"elementor-column elementor-col-100 elementor-top-column elementor-element elementor-element-c7419bc\" data-id=\"c7419bc\" data-element_type=\"column\">\n\t\t\t<div class=\"elementor-widget-wrap elementor-element-populated\">\n\t\t\t\t\t\t<div class=\"elementor-element elementor-element-daf2c14 elementor-align-center elementor-widget elementor-widget-button\" data-id=\"daf2c14\" data-element_type=\"widget\" data-widget_type=\"button.default\">\n\t\t\t\t<div class=\"elementor-widget-container\">\n\t\t\t\t\t<div class=\"elementor-button-wrapper\">\n\t\t\t<a class=\"elementor-button elementor-button-link elementor-size-sm\" href=\"#\">\n\t\t\t\t\t\t<span class=\"elementor-button-content-wrapper\">\n\t\t\t\t\t\t\t\t\t<span class=\"elementor-button-text\">Mot du President<\/span>\n\t\t\t\t\t<\/span>\n\t\t\t\t\t<\/a>\n\t\t<\/div>\n\t\t\t\t<\/div>\n\t\t\t\t<\/div>\n\t\t\t\t\t<\/div>\n\t\t<\/div>\n\t\t\t\t\t<\/div>\n\t\t<\/section>\n\t\t\t\t<section class=\"elementor-section elementor-top-section elementor-element elementor-element-7e71804 elementor-section-boxed elementor-section-height-default elementor-section-height-default\" data-id=\"7e71804\" data-element_type=\"section\">\n\t\t\t\t\t\t<div class=\"elementor-container elementor-column-gap-default\">\n\t\t\t\t\t<div class=\"elementor-column elementor-col-100 elementor-top-column elementor-element elementor-element-fe0e6cd\" data-id=\"fe0e6cd\" data-element_type=\"column\">\n\t\t\t<div class=\"elementor-widget-wrap elementor-element-populated\">\n\t\t\t\t\t\t<div class=\"elementor-element elementor-element-28dfb6f elementor-widget elementor-widget-text-editor\" data-id=\"28dfb6f\" data-element_type=\"widget\" data-widget_type=\"text-editor.default\">\n\t\t\t\t<div class=\"elementor-widget-container\">\n\t\t\t<style>\/*! elementor - v3.21.0 - 30-04-2024 *\/\n.elementor-widget-text-editor.elementor-drop-cap-view-stacked .elementor-drop-cap{background-color:#69727d;color:#fff}.elementor-widget-text-editor.elementor-drop-cap-view-framed .elementor-drop-cap{color:#69727d;border:3px solid;background-color:transparent}.elementor-widget-text-editor:not(.elementor-drop-cap-view-default) .elementor-drop-cap{margin-top:8px}.elementor-widget-text-editor:not(.elementor-drop-cap-view-default) .elementor-drop-cap-letter{width:1em;height:1em}.elementor-widget-text-editor .elementor-drop-cap{float:left;text-align:center;line-height:1;font-size:50px}.elementor-widget-text-editor .elementor-drop-cap-letter{display:inline-block}<\/style>\t\t\t\t<section id=\"content\"><div id=\"post-175\" class=\"post-175 page type-page status-publish hentry\"><div class=\"post-content\"><div class=\"elementor elementor-175\" data-elementor-type=\"wp-page\" data-elementor-id=\"175\"><section class=\"elementor-section elementor-top-section elementor-element elementor-element-c76f379 elementor-section-boxed elementor-section-height-default elementor-section-height-default\" data-id=\"c76f379\" data-element_type=\"section\"><div class=\"elementor-container elementor-column-gap-default\"><div class=\"elementor-column elementor-col-100 elementor-top-column elementor-element elementor-element-e04dd67\" data-id=\"e04dd67\" data-element_type=\"column\"><div class=\"elementor-widget-wrap elementor-element-populated\"><div class=\"elementor-element elementor-element-2de01e5 elementor-widget elementor-widget-text-editor\" data-id=\"2de01e5\" data-element_type=\"widget\" data-widget_type=\"text-editor.default\"><div class=\"elementor-widget-container\"><p><img decoding=\"async\" class=\"alignnone size-full wp-image-752\" src=\"https:\/\/www.tdnog.org\/wp-content\/uploads\/2024\/05\/mahamouth.png\" alt=\"\" width=\"141\" height=\"213\" \/><\/p><p data-start=\"210\" data-end=\"368\">L\u2019\u00e9change d\u2019id\u00e9es constitue pour nous une priorit\u00e9 essentielle. La formation, tant au niveau national qu\u2019international, demeure au c\u0153ur de nos pr\u00e9occupations.<\/p><p data-start=\"370\" data-end=\"647\">Notre objectif principal est de promouvoir la s\u00e9curisation, la formation et le partage des connaissances. Cette plateforme se veut un espace ouvert \u00e0 toutes et \u00e0 tous : professionnels, chercheurs, innovateurs, innovatrices, ainsi qu\u2019\u00e0 l\u2019ensemble de l\u2019\u00e9cosyst\u00e8me des ing\u00e9nieurs.<\/p><p data-start=\"649\" data-end=\"928\">Nous \u0153uvrons \u00e9galement \u00e0 rendre l\u2019acc\u00e8s \u00e0 Internet plus ouvert et disponible pour nos populations. \u00c0 l\u2019\u00e8re du num\u00e9rique, Internet joue un r\u00f4le crucial dans le d\u00e9veloppement socio\u00e9conomique. Malheureusement, ses coupures r\u00e9currentes freinent lourdement nos activit\u00e9s quotidiennes.<\/p><p data-start=\"930\" data-end=\"1066\">Cela dit, nous comprenons aussi que l\u2019\u00c9tat agit dans le souci de pr\u00e9server la s\u00e9curit\u00e9 nationale, qui reste une priorit\u00e9 pour tout pays.<\/p><p data-start=\"174\" data-end=\"469\">Nous faisons un usage responsable d\u2019Internet. Cet outil, devenu indispensable, ne doit en aucun cas servir \u00e0 des actes diffamatoires ou malveillants. Au contraire, Internet nous rend d\u2019immenses services, et nous nous engageons \u00e0 contribuer \u00e0 son d\u00e9veloppement de mani\u00e8re constructive et \u00e9thique.<\/p><p data-start=\"471\" data-end=\"730\">Il convient aussi de saluer les efforts d\u00e9ploy\u00e9s par la communaut\u00e9 technique, qui \u0153uvre sans rel\u00e2che pour limiter les ing\u00e9rences excessives des gouvernements dans le fonctionnement d\u2019Internet, tout en veillant \u00e0 pr\u00e9server la s\u00e9curit\u00e9 et l\u2019int\u00e9r\u00eat g\u00e9n\u00e9ral.<\/p><p data-start=\"732\" data-end=\"965\">\u00c0 cette occasion, <strong data-start=\"750\" data-end=\"759\">TDNOG<\/strong> tient \u00e0 r\u00e9it\u00e9rer sa profonde reconnaissance au Gouvernement de la R\u00e9publique du Tchad, ainsi qu\u2019\u00e0 l\u2019ensemble de nos partenaires, pour leur soutien constant et leur collaboration dans notre mission commune.<\/p><\/div><\/div><\/div><\/div><\/div><\/section><\/div><\/div><\/div><\/section>\t\t\t\t\t\t<\/div>\n\t\t\t\t<\/div>\n\t\t\t\t\t<\/div>\n\t\t<\/div>\n\t\t\t\t\t<\/div>\n\t\t<\/section>\n\t\t\t\t<section class=\"elementor-section elementor-top-section elementor-element elementor-element-b6e3801 elementor-section-boxed elementor-section-height-default elementor-section-height-default\" data-id=\"b6e3801\" data-element_type=\"section\">\n\t\t\t\t\t\t<div class=\"elementor-container elementor-column-gap-default\">\n\t\t\t\t\t<div class=\"elementor-column elementor-col-100 elementor-top-column elementor-element elementor-element-4be028d\" data-id=\"4be028d\" data-element_type=\"column\">\n\t\t\t<div class=\"elementor-widget-wrap elementor-element-populated\">\n\t\t\t\t\t\t<div class=\"elementor-element elementor-element-c6fe1db elementor-align-center elementor-widget elementor-widget-button\" data-id=\"c6fe1db\" data-element_type=\"widget\" data-widget_type=\"button.default\">\n\t\t\t\t<div class=\"elementor-widget-container\">\n\t\t\t\t\t<div class=\"elementor-button-wrapper\">\n\t\t\t<a class=\"elementor-button elementor-button-link elementor-size-sm\" href=\"#\">\n\t\t\t\t\t\t<span class=\"elementor-button-content-wrapper\">\n\t\t\t\t\t\t\t\t\t<span class=\"elementor-button-text\">Membre du Bureau executif<\/span>\n\t\t\t\t\t<\/span>\n\t\t\t\t\t<\/a>\n\t\t<\/div>\n\t\t\t\t<\/div>\n\t\t\t\t<\/div>\n\t\t\t\t\t<\/div>\n\t\t<\/div>\n\t\t\t\t\t<\/div>\n\t\t<\/section>\n\t\t\t\t<section class=\"elementor-section elementor-top-section elementor-element elementor-element-98b16bb elementor-section-boxed elementor-section-height-default elementor-section-height-default\" data-id=\"98b16bb\" data-element_type=\"section\">\n\t\t\t\t\t\t<div class=\"elementor-container elementor-column-gap-default\">\n\t\t\t\t\t<div class=\"elementor-column elementor-col-100 elementor-top-column elementor-element elementor-element-5a82dbc\" data-id=\"5a82dbc\" data-element_type=\"column\">\n\t\t\t<div class=\"elementor-widget-wrap elementor-element-populated\">\n\t\t\t\t\t\t\t<\/div>\n\t\t<\/div>\n\t\t\t\t\t<\/div>\n\t\t<\/section>\n\t\t\t\t<section class=\"elementor-section elementor-top-section elementor-element elementor-element-383794c elementor-section-boxed elementor-section-height-default elementor-section-height-default\" data-id=\"383794c\" data-element_type=\"section\">\n\t\t\t\t\t\t<div class=\"elementor-container elementor-column-gap-default\">\n\t\t\t\t\t<div class=\"elementor-column elementor-col-100 elementor-top-column elementor-element elementor-element-6cd2f32\" data-id=\"6cd2f32\" data-element_type=\"column\">\n\t\t\t<div class=\"elementor-widget-wrap\">\n\t\t\t\t\t\t\t<\/div>\n\t\t<\/div>\n\t\t\t\t\t<\/div>\n\t\t<\/section>\n\t\t\t\t<\/div>\n\t\t","protected":false},"excerpt":{"rendered":"<p>Mot du President L\u2019\u00e9change d\u2019id\u00e9es constitue pour nous une priorit\u00e9 [&hellip;]<\/p>\n","protected":false},"author":1,"featured_media":0,"parent":0,"menu_order":0,"comment_status":"closed","ping_status":"closed","template":"","meta":{"footnotes":""},"class_list":["post-19","page","type-page","status-publish","hentry"],"_links":{"self":[{"href":"https:\/\/www.tdnog.org\/index.php?rest_route=\/wp\/v2\/pages\/19","targetHints":{"allow":["GET"]}}],"collection":[{"href":"https:\/\/www.tdnog.org\/index.php?rest_route=\/wp\/v2\/pages"}],"about":[{"href":"https:\/\/www.tdnog.org\/index.php?rest_route=\/wp\/v2\/types\/page"}],"author":[{"embeddable":true,"href":"https:\/\/www.tdnog.org\/index.php?rest_route=\/wp\/v2\/users\/1"}],"replies":[{"embeddable":true,"href":"https:\/\/www.tdnog.org\/index.php?rest_route=%2Fwp%2Fv2%2Fcomments&post=19"}],"version-history":[{"count":58,"href":"https:\/\/www.tdnog.org\/index.php?rest_route=\/wp\/v2\/pages\/19\/revisions"}],"predecessor-version":[{"id":915,"href":"https:\/\/www.tdnog.org\/index.php?rest_route=\/wp\/v2\/pages\/19\/revisions\/915"}],"wp:attachment":[{"href":"https:\/\/www.tdnog.org\/index.php?rest_route=%2Fwp%2Fv2%2Fmedia&parent=19"}],"curies":[{"name":"wp","href":"https:\/\/api.w.org\/{rel}","templated":true}]}}